{"id":1120,"date":"2013-12-14T08:57:01","date_gmt":"2013-12-14T13:57:01","guid":{"rendered":"http:\/\/universidaddemarketingyventasconpnl.com\/alumnos\/?page_id=1120"},"modified":"2024-09-10T00:21:56","modified_gmt":"2024-09-10T05:21:56","slug":"temario-influencia-irrresistible","status":"publish","type":"page","link":"https:\/\/universidaddemarketingyventasconpnl.com\/alumnos\/temario-influencia-irrresistible\/","title":{"rendered":"Temario Influencia Irrresistible"},"content":{"rendered":"<p><center><a href=\"https:\/\/despertandoalmagointerior.com\/funnel\/lanzamiento-interno\/unete-a-facebook\/\" target=\"_blank\" rel=\"noopener\"><img src=\"https:\/\/www.escuelasuperiordepnl.com\/wp-content\/uploads\/2024\/09\/banner-espnl.jpg\" width=\"100%\"><\/a><\/center><\/p>\n<h3>Sus m\u00f3dulos activos aparecen en color verde:<\/h3>\n<p>[wlm_private &#8220;Influencia Irrresistible M1&#8221;]<\/p>\n<p><img src=\"http:\/\/www.universidaddemarketingyventasconpnl.com\/files\/imagenes\/umvpnl-m1.jpg\" alt=\"\"><\/p>\n<p><img loading=\"lazy\" src=\"\/alumnos\/wp-content\/uploads\/2013\/verde.jpg\" alt=\"\" width=\"15px\" height=\"15px\"> <a href=\"\/alumnos\/modulo-1-influencia-irrresistible\/\">Influencia Irrresistible M\u00f3dulo 1<\/a><\/p>\n<p><img loading=\"lazy\" src=\"\/alumnos\/wp-content\/uploads\/2013\/verde.jpg\" alt=\"\" width=\"15px\" height=\"15px\"> <a href=\"\/alumnos\/modulo-1-patrones-de-excelencia\/\">Patrones de Excelencia 1<\/a><\/p>\n<p><img loading=\"lazy\" src=\"\/alumnos\/wp-content\/uploads\/2013\/verde.jpg\" alt=\"\" width=\"15px\" height=\"15px\"> <a href=\"\/alumnos\/modulo-1-el-codigo-del-exito\/\">El C\u00f3digo del \u00c9xito 1<\/a><\/p>\n<p><img loading=\"lazy\" src=\"\/alumnos\/wp-content\/uploads\/2013\/verde.jpg\" alt=\"\" width=\"15px\" height=\"15px\"> <a href=\"\/alumnos\/modulo-1-una-nueva-conciencia-de-prosperidad\/\">Una Nueva Conciencia de Prosperidad 1<\/a><\/p>\n<p>[\/wlm_private] [wlm_private &#8220;Influencia Irrresistible M2&#8221;]<\/p>\n<p><img src=\"http:\/\/www.universidaddemarketingyventasconpnl.com\/files\/imagenes\/umvpnl-m2.jpg\" alt=\"\"><\/p>\n<p><img loading=\"lazy\" src=\"\/alumnos\/wp-content\/uploads\/2013\/verde.jpg\" alt=\"\" width=\"15px\" height=\"15px\"> <a href=\"\/alumnos\/modulo-2-influencia-irrresistible\/\">Influencia Irrresistible M\u00f3dulo 2<\/a><\/p>\n<p><img loading=\"lazy\" src=\"\/alumnos\/wp-content\/uploads\/2013\/verde.jpg\" alt=\"\" width=\"15px\" height=\"15px\"> <a href=\"\/alumnos\/modulo-2-patrones-de-excelencia\/\">Patrones de Excelencia 2<\/a><\/p>\n<p><img loading=\"lazy\" src=\"\/alumnos\/wp-content\/uploads\/2013\/verde.jpg\" alt=\"\" width=\"15px\" height=\"15px\"> <a href=\"\/alumnos\/modulo-2-el-codigo-del-exito\/\">El C\u00f3digo del \u00c9xito 2<\/a><\/p>\n<p><img loading=\"lazy\" src=\"\/alumnos\/wp-content\/uploads\/2013\/verde.jpg\" alt=\"\" width=\"15px\" height=\"15px\"> <a href=\"\/alumnos\/modulo-2-una-nueva-conciencia-de-prosperidad\/\">Una Nueva Conciencia de Prosperidad 2<\/a><\/p>\n<p>[\/wlm_private] [wlm_private &#8220;Influencia Irrresistible M3&#8221;]<\/p>\n<p><img src=\"http:\/\/www.universidaddemarketingyventasconpnl.com\/files\/imagenes\/umvpnl-m3.jpg\" alt=\"\"><\/p>\n<p><img loading=\"lazy\" src=\"\/alumnos\/wp-content\/uploads\/2013\/verde.jpg\" alt=\"\" width=\"15px\" height=\"15px\"> <a href=\"\/alumnos\/modulo-3-influencia-irrresistible\/\">Influencia Irrresistible M\u00f3dulo 3<\/a><\/p>\n<p><img loading=\"lazy\" src=\"\/alumnos\/wp-content\/uploads\/2013\/verde.jpg\" alt=\"\" width=\"15px\" height=\"15px\"> <a href=\"\/alumnos\/modulo-3-patrones-de-excelencia\/\">Patrones de Excelencia 3<\/a><\/p>\n<p><img loading=\"lazy\" src=\"\/alumnos\/wp-content\/uploads\/2013\/verde.jpg\" alt=\"\" width=\"15px\" height=\"15px\"> <a href=\"\/alumnos\/modulo-3-el-codigo-del-exito\/\">El C\u00f3digo del \u00c9xito 3<\/a><\/p>\n<p><img loading=\"lazy\" src=\"\/alumnos\/wp-content\/uploads\/2013\/verde.jpg\" alt=\"\" width=\"15px\" height=\"15px\"> <a href=\"\/alumnos\/modulo-3-una-nueva-conciencia-de-prosperidad\/\">Una Nueva Conciencia de Prosperidad 3<\/a><\/p>\n<p>[\/wlm_private] [wlm_private &#8220;Influencia Irrresistible M4&#8221;]<\/p>\n<p><img src=\"http:\/\/www.universidaddemarketingyventasconpnl.com\/files\/imagenes\/umvpnl-m4.jpg\" alt=\"\"><\/p>\n<p><img loading=\"lazy\" src=\"\/alumnos\/wp-content\/uploads\/2013\/verde.jpg\" alt=\"\" width=\"15px\" height=\"15px\"> <a href=\"\/alumnos\/modulo-4-influencia-irrresistible\/\">Influencia Irrresistible M\u00f3dulo 4<\/a><\/p>\n<p><img loading=\"lazy\" src=\"\/alumnos\/wp-content\/uploads\/2013\/verde.jpg\" alt=\"\" width=\"15px\" height=\"15px\"> <a href=\"\/alumnos\/modulo-4-patrones-de-excelencia\/\">Patrones de Excelencia 4<\/a><\/p>\n<p><img loading=\"lazy\" src=\"\/alumnos\/wp-content\/uploads\/2013\/verde.jpg\" alt=\"\" width=\"15px\" height=\"15px\"> <a href=\"\/alumnos\/modulo-4-el-codigo-del-exito\/\">El C\u00f3digo del \u00c9xito 4<\/a><\/p>\n<p><img loading=\"lazy\" src=\"\/alumnos\/wp-content\/uploads\/2013\/verde.jpg\" alt=\"\" width=\"15px\" height=\"15px\"> <a href=\"\/alumnos\/modulo-4-una-nueva-conciencia-de-prosperidad\/\">Una Nueva Conciencia de Prosperidad 4<\/a><\/p>\n<p>[\/wlm_private] [wlm_private &#8220;Influencia Irrresistible M5&#8221;]<\/p>\n<p><img src=\"http:\/\/www.universidaddemarketingyventasconpnl.com\/files\/imagenes\/umvpnl-m5.jpg\" alt=\"\"><\/p>\n<p><img loading=\"lazy\" src=\"\/alumnos\/wp-content\/uploads\/2013\/verde.jpg\" alt=\"\" width=\"15px\" height=\"15px\"> <a href=\"\/alumnos\/modulo-5-influencia-irrresistible\/\">Influencia Irrresistible M\u00f3dulo 5<\/a><\/p>\n<p><img loading=\"lazy\" src=\"\/alumnos\/wp-content\/uploads\/2013\/verde.jpg\" alt=\"\" width=\"15px\" height=\"15px\"> <a href=\"\/alumnos\/modulo-5-patrones-de-excelencia\/\">Patrones de Excelencia 5<\/a><\/p>\n<p><img loading=\"lazy\" src=\"\/alumnos\/wp-content\/uploads\/2013\/verde.jpg\" alt=\"\" width=\"15px\" height=\"15px\"> <a href=\"\/alumnos\/modulo-5-el-codigo-del-exito\/\">El C\u00f3digo del \u00c9xito 5<\/a><\/p>\n<p><img loading=\"lazy\" src=\"\/alumnos\/wp-content\/uploads\/2013\/verde.jpg\" alt=\"\" width=\"15px\" height=\"15px\"> <a href=\"\/alumnos\/modulo-5-una-nueva-conciencia-de-prosperidad\/\">Una Nueva Conciencia de Prosperidad 5<\/a><\/p>\n<p>[\/wlm_private] [wlm_private &#8220;Influencia Irrresistible M6&#8221;]<\/p>\n<p><img src=\"http:\/\/www.universidaddemarketingyventasconpnl.com\/files\/imagenes\/umvpnl-m6.jpg\" alt=\"\"><\/p>\n<p><img loading=\"lazy\" src=\"\/alumnos\/wp-content\/uploads\/2013\/verde.jpg\" alt=\"\" width=\"15px\" height=\"15px\"> <a href=\"\/alumnos\/modulo-6-influencia-irrresistible\/\">Influencia Irrresistible M\u00f3dulo 6<\/a><\/p>\n<p><img loading=\"lazy\" src=\"\/alumnos\/wp-content\/uploads\/2013\/verde.jpg\" alt=\"\" width=\"15px\" height=\"15px\"> <a href=\"\/alumnos\/modulo-6-patrones-de-excelencia\/\">Patrones de Excelencia 6<\/a><\/p>\n<p><img loading=\"lazy\" src=\"\/alumnos\/wp-content\/uploads\/2013\/verde.jpg\" alt=\"\" width=\"15px\" height=\"15px\"> <a href=\"\/alumnos\/modulo-6-el-codigo-del-exito\/\">El C\u00f3digo del \u00c9xito 6<\/a><\/p>\n<p><img loading=\"lazy\" src=\"\/alumnos\/wp-content\/uploads\/2013\/verde.jpg\" alt=\"\" width=\"15px\" height=\"15px\"> <a href=\"\/alumnos\/modulo-6-una-nueva-conciencia-de-prosperidad\/\">Una Nueva Conciencia de Prosperidad 6<\/a><\/p>\n<p>[\/wlm_private] [wlm_private &#8220;Influencia Irrresistible M7&#8221;]<\/p>\n<p><img src=\"http:\/\/www.universidaddemarketingyventasconpnl.com\/files\/imagenes\/umvpnl-m7.jpg\" alt=\"\"><\/p>\n<p><img loading=\"lazy\" src=\"\/alumnos\/wp-content\/uploads\/2013\/verde.jpg\" alt=\"\" width=\"15px\" height=\"15px\"> <a href=\"\/alumnos\/modulo-7-influencia-irrresistible\/\">Influencia Irrresistible M\u00f3dulo 7<\/a><\/p>\n<p><img loading=\"lazy\" src=\"\/alumnos\/wp-content\/uploads\/2013\/verde.jpg\" alt=\"\" width=\"15px\" height=\"15px\"> <a href=\"\/alumnos\/modulo-7-patrones-de-excelencia\/\">Patrones de Excelencia 7<\/a><\/p>\n<p><img loading=\"lazy\" src=\"\/alumnos\/wp-content\/uploads\/2013\/verde.jpg\" alt=\"\" width=\"15px\" height=\"15px\"> <a href=\"\/alumnos\/modulo-7-el-codigo-del-exito\/\">El C\u00f3digo del \u00c9xito 7<\/a><\/p>\n<p><img loading=\"lazy\" src=\"\/alumnos\/wp-content\/uploads\/2013\/verde.jpg\" alt=\"\" width=\"15px\" height=\"15px\"> <a href=\"\/alumnos\/modulo-7-una-nueva-conciencia-de-prosperidad\/\">Una Nueva Conciencia de Prosperidad 7<\/a><\/p>\n<p>[\/wlm_private] [wlm_private &#8220;Influencia Irrresistible M1&#8221;]<\/p>\n<p><img src=\"http:\/\/www.universidaddemarketingyventasconpnl.com\/files\/imagenes\/umvpnl-br.jpg\" alt=\"\"><\/p>\n<p><img loading=\"lazy\" src=\"\/alumnos\/wp-content\/uploads\/2013\/verde.jpg\" alt=\"\" width=\"15px\" height=\"15px\"> <a href=\"\/alumnos\/sesion-1-re-ingenieria-cerebral\/\">Sesi\u00f3n 1<\/a><\/p>\n<p><img loading=\"lazy\" src=\"\/alumnos\/wp-content\/uploads\/2013\/verde.jpg\" alt=\"\" width=\"15px\" height=\"15px\"> <a href=\"\/alumnos\/sesion-2-re-ingenieria-cerebral\/\">Sesi\u00f3n 2<\/a><\/p>\n<p><img loading=\"lazy\" src=\"\/alumnos\/wp-content\/uploads\/2013\/verde.jpg\" alt=\"\" width=\"15px\" height=\"15px\"> <a href=\"\/alumnos\/sesion-3-re-ingenieria-cerebral\/\">Sesi\u00f3n 3<\/a><\/p>\n<p><img loading=\"lazy\" src=\"\/alumnos\/wp-content\/uploads\/2013\/verde.jpg\" alt=\"\" width=\"15px\" height=\"15px\"> <a href=\"\/alumnos\/sesion-4-re-ingenieria-cerebral\/\">Sesi\u00f3n 4<\/a><\/p>\n<p><img src=\"http:\/\/www.universidaddemarketingyventasconpnl.com\/files\/imagenes\/umvpnl-bm.jpg\" alt=\"\"><\/p>\n<p><img loading=\"lazy\" src=\"\/alumnos\/wp-content\/uploads\/2013\/verde.jpg\" alt=\"\" width=\"15px\" height=\"15px\"> <a href=\"\/alumnos\/parte-1-metaforas-para-el-exito\/\">Parte 1<\/a><\/p>\n<p><img loading=\"lazy\" src=\"\/alumnos\/wp-content\/uploads\/2013\/verde.jpg\" alt=\"\" width=\"15px\" height=\"15px\"> <a href=\"\/alumnos\/parte-2-metaforas-para-el-exito\/\">Parte 2<\/a><\/p>\n<p><img loading=\"lazy\" src=\"\/alumnos\/wp-content\/uploads\/2013\/verde.jpg\" alt=\"\" width=\"15px\" height=\"15px\"> <a href=\"\/alumnos\/parte-3-metaforas-para-el-exito\/\">Parte 3<\/a><\/p>\n<p><img loading=\"lazy\" src=\"\/alumnos\/wp-content\/uploads\/2013\/verde.jpg\" alt=\"\" width=\"15px\" height=\"15px\"> <a href=\"\/alumnos\/parte-4-metaforas-para-el-exito\/\">Parte 4<\/a><\/p>\n<p><img loading=\"lazy\" src=\"\/alumnos\/wp-content\/uploads\/2013\/verde.jpg\" alt=\"\" width=\"15px\" height=\"15px\"> <a href=\"\/alumnos\/parte-5-metaforas-para-el-exito\/\">Parte 5<\/a><\/p>\n<p><img src=\"http:\/\/www.universidaddemarketingyventasconpnl.com\/files\/imagenes\/umvpnl-me.jpg\" alt=\"\"><\/p>\n<p><img loading=\"lazy\" src=\"\/alumnos\/wp-content\/uploads\/2013\/verde.jpg\" alt=\"\" width=\"15px\" height=\"15px\"> <a href=\"\/alumnos\/parte-1-modelando-la-excelencia\/\">Sesi\u00f3n Completa<\/a><\/p>\n<p><img src=\"http:\/\/www.universidaddemarketingyventasconpnl.com\/files\/imagenes\/umvpnl-pp.jpg\" alt=\"\"><\/p>\n<p><img loading=\"lazy\" src=\"\/alumnos\/wp-content\/uploads\/2013\/verde.jpg\" alt=\"\" width=\"15px\" height=\"15px\"> <a href=\"\/alumnos\/parte-1-personalidad-poderosa\/\">Versi\u00f3n Cl\u00e1sica<\/a><\/p>\n<p><img loading=\"lazy\" src=\"\/alumnos\/wp-content\/uploads\/2013\/verde.jpg\" alt=\"\" width=\"15px\" height=\"15px\"> <a href=\"\/alumnos\/personalidad-poderosa-extendido\/\">Versi\u00f3n Extendida<\/a><\/p>\n<h2>Ventas M\u00e1gicas con PNL<\/h2>\n<p><img loading=\"lazy\" src=\"\/alumnos\/wp-content\/uploads\/2013\/verde.jpg\" alt=\"\" width=\"15px\" height=\"15px\"> <a href=\"http:\/\/universidaddemarketingyventasconpnl.com\/productos\/files\/marketing-en-internet\/ebook-marketing-en-internet-con-pnl.pdf\" target=\"_blank\" rel=\"noopener\">E-Book<\/a><\/p>\n<p><img loading=\"lazy\" src=\"\/alumnos\/wp-content\/uploads\/2013\/verde.jpg\" alt=\"\" width=\"15px\" height=\"15px\"> <a href=\"\/alumnos\/marketing-internet-audio\/\">Audio Libro<\/a><\/p>\n<p><img loading=\"lazy\" src=\"\/alumnos\/wp-content\/uploads\/2013\/verde.jpg\" alt=\"\" width=\"15px\" height=\"15px\"> <a href=\"\/alumnos\/marketing-internet-video\/\">Videos de Integraci\u00f3n<\/a><\/p>\n<p><img loading=\"lazy\" src=\"\/alumnos\/wp-content\/uploads\/2013\/verde.jpg\" alt=\"\" width=\"15px\" height=\"15px\"> <a href=\"\/alumnos\/todo-es-una-venta\/\">Todo es una Venta<\/a><\/p>\n<p><img loading=\"lazy\" src=\"\/alumnos\/wp-content\/uploads\/2013\/verde.jpg\" alt=\"\" width=\"15px\" height=\"15px\"> <a href=\"\/alumnos\/ventas-prosperidad\/\">Ventas y Prosperidad<\/a><\/p>\n<p>[\/wlm_private] [wlm_private &#8220;Influencia Irrresistible M7&#8221;]<\/p>\n<h2>Edmundo Ahora en Ti<\/h2>\n<p><img loading=\"lazy\" src=\"\/alumnos\/wp-content\/uploads\/2013\/verde.jpg\" alt=\"\" width=\"15px\" height=\"15px\"> <a href=\"\/alumnos\/modulo-1-edmundo-ahora-en-ti\/\">M\u00f3dulo 1<\/a><\/p>\n<p><img loading=\"lazy\" src=\"\/alumnos\/wp-content\/uploads\/2013\/verde.jpg\" alt=\"\" width=\"15px\" height=\"15px\"> <a href=\"\/alumnos\/modulo-2-edmundo-ahora-en-ti\/\">M\u00f3dulo 2<\/a><\/p>\n<p><img loading=\"lazy\" src=\"\/alumnos\/wp-content\/uploads\/2013\/verde.jpg\" alt=\"\" width=\"15px\" height=\"15px\"> <a href=\"\/alumnos\/modulo-3-edmundo-ahora-en-ti\/\">M\u00f3dulo 3<\/a><\/p>\n<p><img loading=\"lazy\" src=\"\/alumnos\/wp-content\/uploads\/2013\/verde.jpg\" alt=\"\" width=\"15px\" height=\"15px\"> <a href=\"\/alumnos\/modulo-4-edmundo-ahora-en-ti\/\">M\u00f3dulo 4<\/a><\/p>\n<p><img loading=\"lazy\" src=\"\/alumnos\/wp-content\/uploads\/2013\/verde.jpg\" alt=\"\" width=\"15px\" height=\"15px\"> <a href=\"\/alumnos\/modulo-5-edmundo-ahora-en-ti\/\">M\u00f3dulo 5<\/a><\/p>\n<p><img loading=\"lazy\" src=\"\/alumnos\/wp-content\/uploads\/2013\/verde.jpg\" alt=\"\" width=\"15px\" height=\"15px\"> <a href=\"\/alumnos\/modulo-6-edmundo-ahora-en-ti\/\">M\u00f3dulo 6<\/a><\/p>\n<p><img loading=\"lazy\" src=\"\/alumnos\/wp-content\/uploads\/2013\/verde.jpg\" alt=\"\" width=\"15px\" height=\"15px\"> <a href=\"\/alumnos\/modulo-7-edmundo-ahora-en-ti\/\">M\u00f3dulo 7<\/a><\/p>\n<h2>Tu Reconocimiento Del Curso<br \/>\nInfluencia Irrresistible<\/h2>\n<p><img loading=\"lazy\" src=\"\/alumnos\/wp-content\/uploads\/2013\/verde.jpg\" alt=\"\" width=\"15px\" height=\"15px\"> <a href=\"http:\/\/dredmundovelasco.com\/reconocimientos\/?c=13\">Tr\u00e1mite Para Generar Reconocimiento<\/a><\/p>\n<p>[\/wlm_private]<\/p>\n","protected":false},"excerpt":{"rendered":"<p>Sus m\u00f3dulos activos aparecen en color verde: [wlm_private &#8220;Influencia Irrresistible M1&#8221;] Influencia Irrresistible M\u00f3dulo 1 Patrones de Excelencia 1 El C\u00f3digo del \u00c9xito 1 Una Nueva Conciencia de Prosperidad 1 [\/wlm_private] [wlm_private &#8220;Influencia Irrresistible M2&#8221;] Influencia Irrresistible M\u00f3dulo 2 Patrones de Excelencia 2 El C\u00f3digo del \u00c9xito 2 Una Nueva Conciencia de Prosperidad 2 [\/wlm_private] [&hellip;]<\/p>\n","protected":false},"author":2,"featured_media":0,"parent":0,"menu_order":0,"comment_status":"open","ping_status":"closed","template":"page-custom.php","meta":[],"_links":{"self":[{"href":"https:\/\/universidaddemarketingyventasconpnl.com\/alumnos\/wp-json\/wp\/v2\/pages\/1120"}],"collection":[{"href":"https:\/\/universidaddemarketingyventasconpnl.com\/alumnos\/wp-json\/wp\/v2\/pages"}],"about":[{"href":"https:\/\/universidaddemarketingyventasconpnl.com\/alumnos\/wp-json\/wp\/v2\/types\/page"}],"author":[{"embeddable":true,"href":"https:\/\/universidaddemarketingyventasconpnl.com\/alumnos\/wp-json\/wp\/v2\/users\/2"}],"replies":[{"embeddable":true,"href":"https:\/\/universidaddemarketingyventasconpnl.com\/alumnos\/wp-json\/wp\/v2\/comments?post=1120"}],"version-history":[{"count":31,"href":"https:\/\/universidaddemarketingyventasconpnl.com\/alumnos\/wp-json\/wp\/v2\/pages\/1120\/revisions"}],"predecessor-version":[{"id":2734,"href":"https:\/\/universidaddemarketingyventasconpnl.com\/alumnos\/wp-json\/wp\/v2\/pages\/1120\/revisions\/2734"}],"wp:attachment":[{"href":"https:\/\/universidaddemarketingyventasconpnl.com\/alumnos\/wp-json\/wp\/v2\/media?parent=1120"}],"curies":[{"name":"wp","href":"https:\/\/api.w.org\/{rel}","templated":true}]}}